{"id":11586,"date":"2020-10-30T18:18:53","date_gmt":"2020-10-30T18:18:53","guid":{"rendered":"https:\/\/promotemywebsite.co.uk\/yoga\/?page_id=11586"},"modified":"2020-11-05T17:45:06","modified_gmt":"2020-11-05T17:45:06","slug":"membership","status":"publish","type":"page","link":"https:\/\/floryogainstitute.com\/es\/membership\/","title":{"rendered":"Membership"},"content":{"rendered":"<section class=\"pb-5\">\n<div class=\"container container-sm\">\n<div class=\"row\">\n<div class=\"col-12\">\n<h3 class=\"page-title text-uppercase\">Membership<\/h3>\n<div class=\"py-5 border-bottom\">\n<p>All classes are available LIVE-STREAM via ZOOM ONLINE. However, check our Social Media to stay up-to-date on our Temporary Studio Classes as we transition to a physical home space &#8211; COMING SOON!<\/p>\n<p class=\"mb-0\">Creemos que ahora m\u00e1s que nunca el yoga y la meditaci\u00f3n son esenciales para apoyar nuestro bienestar f\u00edsico y mental. \u00a1Es nuestra MISI\u00d3N hacer que estas pr\u00e1cticas sean accesibles para usted y mantenernos conectados incluso cuando estamos separados!<\/p>\n<\/div>\n<div class=\"py-5 border-bottom\">\n<h3 class=\"mb-2 text-uppercase text-center\">Renovaci\u00f3n autom\u00e1tica mensual ilimitada<\/h3>\n<p class=\"mb-3 text-center text-uppercase\">MEMBRES\u00cdA ILIMITADA \u2013 <strong>$74<\/strong><\/p>\n<p class=\"text-center\">Enjoy all VIRTURAL + TEMPORARY STUDIO + OUTDOOR YOGA UNLIMITED classes! This Membership grants access to all VIRTUAL + TEMPORARY STUDIO + OUTDOOR Yoga classes on our regular schedule as well as nutrition and wellness information. PLEASE NOTE: Due to COVID &#8211; Classes will be held VIRTUAL\/LIVESTREAM and\/or at a Temporary Studio (TBD). A $14 membership increase will be applied upon the opening of our physical location. Members Only Perks: *Personal Invitation to all Members-Only Events *One Guest Pass per month to bring your friends to a class *A Reward for each new member you refer *Workshop Discount &#8211; Selected Offerings<\/p>\n<p class=\"text-center\"><a class=\"btn sm-btn\" href=\"https:\/\/floryogainstitute.pushpress.com\/open\/subscribe\/jj4e\">Elige Plan<\/a><\/p>\n<\/div>\n<div class=\"py-5 border-bottom\">\n<h3 class=\"mb-2 text-uppercase text-center\">Entrar un momento<\/h3>\n<p class=\"mb-3 text-center text-uppercase\">NINGUNA MEMBRES\u00cdA \u2013 <strong>$15<\/strong><\/p>\n<p class=\"text-center\">Enjoy all VIRTURAL + TEMPORARY STUDIO + OUTDOOR yoga UNLIMITED classes! This Membership grants access to all VIRTUAL + TEMPORARY STUDIO + OUTDOOR Yoga classes on our regular schedule as well as nutrition and wellness information. PLEASE NOTE: Due to COVID &#8211; Classes will be held VIRTUAL\/LIVESTREAM and\/or at a Temporary Studio (TBD). Members Only Perks: *Personal Invitation to all Members-Only Events *One Guest Pass per month to bring your friends to a class *A Reward for each new member you refer *Workshop Discount &#8211; Selected Offerings<\/p>\n<p class=\"text-center\"><a class=\"btn sm-btn\" href=\"https:\/\/floryogainstitute.pushpress.com\/open\/subscribe\/yvw1\">Elige Plan<\/a><\/p>\n<\/div>\n<div class=\"py-5 border-bottom\">\n<h3 class=\"mb-2 text-uppercase text-center\">Free Pass<\/h3>\n<p class=\"mb-3 text-center text-uppercase\">NINGUNA MEMBRES\u00cdA \u2013 <strong>GRATIS<\/strong><\/p>\n<p class=\"text-center\">Join in our community for a complimentary class! ABRAZOS!<\/p>\n<p class=\"text-center\"><a class=\"btn sm-btn\" href=\"https:\/\/floryogainstitute.pushpress.com\/open\/subscribe\/qilx\">Elige Plan<\/a><\/p>\n<\/div>\n<div class=\"py-5 border-bottom\">\n<h3 class=\"mb-2 text-uppercase text-center\">Maestras\/Primeros respondedores Renovaci\u00f3n autom\u00e1tica mensual<\/h3>\n<p class=\"mb-3 text-center text-uppercase\">MEMBRES\u00cdA ILIMITADA \u2013 <strong>$64<\/strong><\/p>\n<p class=\"text-center\">Enjoy all VIRTURAL + TEMPORARY STUDIO + OUTDOOR YOGA UNLIMITED classes! This Membership grants access to all VIRTUAL + TEMPORARY STUDIO + OUTDOOR Yoga classes on our regular schedule as well as nutrition and wellness information. PLEASE NOTE: Due to COVID &#8211; Classes will be held VIRTUAL\/LIVESTREAM and\/or at a Temporary Studio (TBD). A $10 membership increase will be applied upon the opening of our physical location. Members Only Perks: *Personal Invitation to all Members-Only Events *One Guest Pass per month to bring your friends to a class *A Reward for each new member you refer *Workshop Discount &#8211; Selected Offerings<\/p>\n<p class=\"text-center\"><a class=\"btn sm-btn\" href=\"https:\/\/floryogainstitute.pushpress.com\/open\/subscribe\/p4tr\">Elige Plan<\/a><\/p>\n<\/div>\n<div class=\"pt-5\">\n<h3 class=\"mb-2 text-uppercase text-center\">Estudiantes (de 13 a 17 a\u00f1os y universidad) Renovaci\u00f3n autom\u00e1tica mensual<\/h3>\n<p class=\"mb-3 text-center text-uppercase\">MEMBRES\u00cdA ILIMITADA \u2013 <strong>$40<\/strong><\/p>\n<p class=\"text-center\">Enjoy all VIRTURAL + TEMPORARY STUDIO + OUTDOOR yoga UNLIMITED classes! This Membership grants access to all VIRTUAL + TEMPORARY STUDIO + OUTDOOR Yoga classes on our regular schedule as well as nutrition and wellness information. PLEASE NOTE: Due to COVID &#8211; Classes will be held VIRTUAL\/LIVESTREAM and\/or at a Temporary Studio (TBD). Members Only Perks: *Personal Invitation to all Members-Only Events *One Guest Pass per month to bring your friends to a class *A Reward for each new member you refer *Workshop Discount &#8211; Selected Offerings<\/p>\n<p class=\"text-center\"><a class=\"btn sm-btn\" href=\"https:\/\/floryogainstitute.pushpress.com\/open\/subscribe\/dnrz\">Elige Plan<\/a><\/p>\n<\/div>\n<\/div>\n<\/div>\n<\/div>\n<\/section>","protected":false},"excerpt":{"rendered":"<p>Membership All classes are available LIVE-STREAM via ZOOM ONLINE. However, check our Social Media to stay up-to-date on our Temporary [&hellip;]<\/p>","protected":false},"author":4,"featured_media":0,"parent":0,"menu_order":0,"comment_status":"closed","ping_status":"closed","template":"","meta":{"footnotes":""},"class_list":["post-11586","page","type-page","status-publish","hentry"],"yoast_head":"<!-- This site is optimized with the Yoast SEO plugin v15.2.1 - https:\/\/yoast.com\/wordpress\/plugins\/seo\/ -->\n<title>Membership | Flor Yoga Institute<\/title>\n<meta name=\"robots\" content=\"index, follow, max-snippet:-1, max-image-preview:large, max-video-preview:-1\" \/>\n<link rel=\"canonical\" href=\"https:\/\/floryogainstitute.com\/es\/membership\/\" \/>\n<meta property=\"og:locale\" content=\"es_MX\" \/>\n<meta property=\"og:type\" content=\"article\" \/>\n<meta property=\"og:title\" content=\"Membership | Flor Yoga Institute\" \/>\n<meta property=\"og:description\" content=\"Membership All classes are available LIVE-STREAM via ZOOM ONLINE. However, check our Social Media to stay up-to-date on our Temporary [&hellip;]\" \/>\n<meta property=\"og:url\" content=\"https:\/\/floryogainstitute.com\/es\/membership\/\" \/>\n<meta property=\"og:site_name\" content=\"Flor Yoga Institute\" \/>\n<meta property=\"article:publisher\" content=\"https:\/\/www.facebook.com\/DirectsubmitSEO\/\" \/>\n<meta property=\"article:modified_time\" content=\"2020-11-05T17:45:06+00:00\" \/>\n<meta name=\"twitter:card\" content=\"summary_large_image\" \/>\n<meta name=\"twitter:creator\" content=\"@DSubmit\" \/>\n<meta name=\"twitter:site\" content=\"@DSubmit\" \/>\n<meta name=\"twitter:label1\" content=\"Escrito por\">\n\t<meta name=\"twitter:data1\" content=\"Adam\">\n\t<meta name=\"twitter:label2\" content=\"Tiempo de lectura\">\n\t<meta name=\"twitter:data2\" content=\"2 minutos\">\n<script type=\"application\/ld+json\" class=\"yoast-schema-graph\">{\"@context\":\"https:\/\/schema.org\",\"@graph\":[{\"@type\":\"WebSite\",\"@id\":\"https:\/\/floryogainstitute.com\/es\/#website\",\"url\":\"https:\/\/floryogainstitute.com\/es\/\",\"name\":\"Flor Yoga Institute\",\"description\":\"\",\"potentialAction\":[{\"@type\":\"SearchAction\",\"target\":\"https:\/\/floryogainstitute.com\/es\/?s={search_term_string}\",\"query-input\":\"required name=search_term_string\"}],\"inLanguage\":\"es\"},{\"@type\":\"WebPage\",\"@id\":\"https:\/\/floryogainstitute.com\/es\/membership\/#webpage\",\"url\":\"https:\/\/floryogainstitute.com\/es\/membership\/\",\"name\":\"Membership | Flor Yoga Institute\",\"isPartOf\":{\"@id\":\"https:\/\/floryogainstitute.com\/es\/#website\"},\"datePublished\":\"2020-10-30T18:18:53+00:00\",\"dateModified\":\"2020-11-05T17:45:06+00:00\",\"inLanguage\":\"es\",\"potentialAction\":[{\"@type\":\"ReadAction\",\"target\":[\"https:\/\/floryogainstitute.com\/es\/membership\/\"]}]}]}<\/script>\n<!-- \/ Yoast SEO plugin. -->","_links":{"self":[{"href":"https:\/\/floryogainstitute.com\/es\/wp-json\/wp\/v2\/pages\/11586","targetHints":{"allow":["GET"]}}],"collection":[{"href":"https:\/\/floryogainstitute.com\/es\/wp-json\/wp\/v2\/pages"}],"about":[{"href":"https:\/\/floryogainstitute.com\/es\/wp-json\/wp\/v2\/types\/page"}],"author":[{"embeddable":true,"href":"https:\/\/floryogainstitute.com\/es\/wp-json\/wp\/v2\/users\/4"}],"replies":[{"embeddable":true,"href":"https:\/\/floryogainstitute.com\/es\/wp-json\/wp\/v2\/comments?post=11586"}],"version-history":[{"count":0,"href":"https:\/\/floryogainstitute.com\/es\/wp-json\/wp\/v2\/pages\/11586\/revisions"}],"wp:attachment":[{"href":"https:\/\/floryogainstitute.com\/es\/wp-json\/wp\/v2\/media?parent=11586"}],"curies":[{"name":"wp","href":"https:\/\/api.w.org\/{rel}","templated":true}]}}