{"id":11539,"date":"2020-10-29T22:42:21","date_gmt":"2020-10-29T22:42:21","guid":{"rendered":"https:\/\/promotemywebsite.co.uk\/yoga\/?page_id=11539"},"modified":"2020-11-03T04:10:30","modified_gmt":"2020-11-03T04:10:30","slug":"virtual-studio","status":"publish","type":"page","link":"https:\/\/floryogainstitute.com\/es\/virtual-studio\/","title":{"rendered":"Estudio Virtual"},"content":{"rendered":"<section>\n<div class=\"container container-sm\">\n<div class=\"row\">\n<div class=\"col-12\">\n<h3 class=\"page-title text-uppercase\">Estudio Virtual<\/h3>\n<\/div>\n<\/div>\n<\/div>\n<\/section>\n<section>\n<div class=\"container container-sm\">\n<div class=\"row\">\n<div class=\"col-12 pt-5 mb-5\">\n<p>Nos complace ofrecerle clases virtuales diarias, inspiradas en Baptiste Yoga. \u00a1Ahora m\u00e1s que nunca, todos necesitamos cuidar nuestra salud mental y f\u00edsica y estar conectados con nuestras comunidades de todas partes!<\/p>\n<h3>\u00danase a la clase en Zoom<\/h3>\n<ol>\n<li>Si tiene una membres\u00eda de Flor Yoga Institute, las clases virtuales est\u00e1n incluidas en su membres\u00eda.<\/li>\n<li>If you currently are not a member of Flor Yoga Institute and would like to become a member <a href=\"https:\/\/floryogainstitute.com\/es\/membership\/\" alt=\"Join Here\">haga clic aqu\u00ed<\/a>. You will receive a landing page to join and a follow-up page to download the PushPress App, which will allow you access to Flor Yoga Institute.<\/li>\n<li>Reg\u00edstrese para la clase de su elecci\u00f3n desde la aplicaci\u00f3n.<\/li>\n<li>Recibir\u00e1 un enlace para ingresar a la chica virtual en su correo electr\u00f3nico de confirmaci\u00f3n 15 minutos antes del inicio de la clase. Aseg\u00farese de que su informaci\u00f3n de contacto sea correcta en su perfil PushPress en Flor Yoga Institute.<\/li>\n<li>If you register for a class and do not receive an email please <a href=\"https:\/\/floryogainstitute.com\/es\/contact-us\/\" alt=\"Contact us\">contact us<\/a> immediately.<\/li>\n<\/ol>\n<h3>How Do I Join a Class?<\/h3>\n<p>Simply set up your computer or other device so that you can see the teacher and they can see you.<\/p>\n<ol>\n<li>To join a class on Zoom, download the Zoom App on your device:\u00a0<a href=\"https:\/\/zoom.us\/download\" alt=\"Download Zoom\" rel=\"noopener noreferrer\" target=\"_blank\">https:\/\/zoom.us\/download<\/a>. Then click on the zoom link below and you will be a part of our virtual yoga class.<\/li>\n<li>Turn on your video.<\/li>\n<li>It is best to practice in a lighted room so that the Instructor can see you.<\/li>\n<\/ol>\n<\/div>\n<\/div>\n<\/div>\n<\/section>","protected":false},"excerpt":{"rendered":"<p>Virtual Studio We are excited to offer you daily Virtual classes, inspired by Baptiste Yoga. Now more than ever we [&hellip;]<\/p>","protected":false},"author":4,"featured_media":0,"parent":0,"menu_order":0,"comment_status":"closed","ping_status":"closed","template":"","meta":{"footnotes":""},"class_list":["post-11539","page","type-page","status-publish","hentry"],"yoast_head":"<!-- This site is optimized with the Yoast SEO plugin v15.2.1 - https:\/\/yoast.com\/wordpress\/plugins\/seo\/ -->\n<title>Virtual Studio | Flor Yoga Institute<\/title>\n<meta name=\"robots\" content=\"index, follow, max-snippet:-1, max-image-preview:large, max-video-preview:-1\" \/>\n<link rel=\"canonical\" href=\"https:\/\/floryogainstitute.com\/es\/virtual-studio\/\" \/>\n<meta property=\"og:locale\" content=\"es_MX\" \/>\n<meta property=\"og:type\" content=\"article\" \/>\n<meta property=\"og:title\" content=\"Virtual Studio | Flor Yoga Institute\" \/>\n<meta property=\"og:description\" content=\"Virtual Studio We are excited to offer you daily Virtual classes, inspired by Baptiste Yoga. Now more than ever we [&hellip;]\" \/>\n<meta property=\"og:url\" content=\"https:\/\/floryogainstitute.com\/es\/virtual-studio\/\" \/>\n<meta property=\"og:site_name\" content=\"Flor Yoga Institute\" \/>\n<meta property=\"article:publisher\" content=\"https:\/\/www.facebook.com\/DirectsubmitSEO\/\" \/>\n<meta property=\"article:modified_time\" content=\"2020-11-03T04:10:30+00:00\" \/>\n<meta name=\"twitter:card\" content=\"summary_large_image\" \/>\n<meta name=\"twitter:creator\" content=\"@DSubmit\" \/>\n<meta name=\"twitter:site\" content=\"@DSubmit\" \/>\n<meta name=\"twitter:label1\" content=\"Escrito por\">\n\t<meta name=\"twitter:data1\" content=\"Adam\">\n\t<meta name=\"twitter:label2\" content=\"Tiempo de lectura\">\n\t<meta name=\"twitter:data2\" content=\"1 minuto\">\n<script type=\"application\/ld+json\" class=\"yoast-schema-graph\">{\"@context\":\"https:\/\/schema.org\",\"@graph\":[{\"@type\":\"WebSite\",\"@id\":\"https:\/\/floryogainstitute.com\/es\/#website\",\"url\":\"https:\/\/floryogainstitute.com\/es\/\",\"name\":\"Flor Yoga Institute\",\"description\":\"\",\"potentialAction\":[{\"@type\":\"SearchAction\",\"target\":\"https:\/\/floryogainstitute.com\/es\/?s={search_term_string}\",\"query-input\":\"required name=search_term_string\"}],\"inLanguage\":\"es\"},{\"@type\":\"WebPage\",\"@id\":\"https:\/\/floryogainstitute.com\/es\/virtual-studio\/#webpage\",\"url\":\"https:\/\/floryogainstitute.com\/es\/virtual-studio\/\",\"name\":\"Virtual Studio | Flor Yoga Institute\",\"isPartOf\":{\"@id\":\"https:\/\/floryogainstitute.com\/es\/#website\"},\"datePublished\":\"2020-10-29T22:42:21+00:00\",\"dateModified\":\"2020-11-03T04:10:30+00:00\",\"inLanguage\":\"es\",\"potentialAction\":[{\"@type\":\"ReadAction\",\"target\":[\"https:\/\/floryogainstitute.com\/es\/virtual-studio\/\"]}]}]}<\/script>\n<!-- \/ Yoast SEO plugin. -->","_links":{"self":[{"href":"https:\/\/floryogainstitute.com\/es\/wp-json\/wp\/v2\/pages\/11539","targetHints":{"allow":["GET"]}}],"collection":[{"href":"https:\/\/floryogainstitute.com\/es\/wp-json\/wp\/v2\/pages"}],"about":[{"href":"https:\/\/floryogainstitute.com\/es\/wp-json\/wp\/v2\/types\/page"}],"author":[{"embeddable":true,"href":"https:\/\/floryogainstitute.com\/es\/wp-json\/wp\/v2\/users\/4"}],"replies":[{"embeddable":true,"href":"https:\/\/floryogainstitute.com\/es\/wp-json\/wp\/v2\/comments?post=11539"}],"version-history":[{"count":0,"href":"https:\/\/floryogainstitute.com\/es\/wp-json\/wp\/v2\/pages\/11539\/revisions"}],"wp:attachment":[{"href":"https:\/\/floryogainstitute.com\/es\/wp-json\/wp\/v2\/media?parent=11539"}],"curies":[{"name":"wp","href":"https:\/\/api.w.org\/{rel}","templated":true}]}}