{"id":10793,"date":"2020-05-25T22:59:57","date_gmt":"2020-05-25T22:59:57","guid":{"rendered":"https:\/\/promotemywebsite.co.uk\/yoga\/?page_id=10793"},"modified":"2020-11-10T00:43:03","modified_gmt":"2020-11-10T00:43:03","slug":"about-us","status":"publish","type":"page","link":"https:\/\/floryogainstitute.com\/es\/about-us\/","title":{"rendered":"Sobre Nosotras"},"content":{"rendered":"<section>\n<div class=\"container container-sm\">\n<div class=\"row\">\n<div class=\"col-12\">\n<h3 class=\"page-title text-uppercase\">Sobre Nosotras<\/h3>\n<\/div>\n<\/div>\n<\/div>\n<\/section>\n<section>\n<div class=\"container container-sm\">\n<div class=\"row\">\n<div class=\"col-12\">\n<div class=\"border-bottom mb-5 py-5\">\n<p class=\"text-uppercase text-left mb-0\">INTERRUMPIR DIVISI\u00d3N Y CREAR CONEXI\u00d3N, DIFUSI\u00d3N DE LOS L\u00cdMITES CULTURALES DEL YOGA Y CULTIVAR UNA CULTURA DE CAMBIO.<\/p>\n<\/div>\n<\/div>\n<\/div>\n<\/div>\n<\/section>\n<section>\n<div class=\"container container-sm\">\n<div class=\"row\">\n<div class=\"col-12 col-md-6 mb-5\">\n<p>Flor Yoga es una comunidad de yoga acogedora, inclusiva y diversa; \u00a1una cultura en la que te sentir\u00e1s acogido, animado y empoderado!<\/p>\n<p>Flor Yoga offers classes inspired by Baptiste Yoga that will empower you to step out of your comfort zone, strengthen your mind and body and awaken you to live at your highest potential.<\/p>\n<p class=\"mb-0\">Classes are held daily, and because we believe language should not be a barrier to access yoga, you will find Yoga en Espanol on the schedule as well.<\/p>\n<\/div>\n<div class=\"col-12 col-md-6\"><img loading=\"lazy\" decoding=\"async\" width=\"500\" height=\"375\" class=\"aligncenter size-full wp-image-11763\" src=\"https:\/\/floryogainstitute.com\/wp-content\/uploads\/2020\/11\/about-img.jpg\" alt=\"\" srcset=\"https:\/\/floryogainstitute.com\/wp-content\/uploads\/2020\/11\/about-img.jpg 500w, https:\/\/floryogainstitute.com\/wp-content\/uploads\/2020\/11\/about-img-300x225.jpg 300w, https:\/\/floryogainstitute.com\/wp-content\/uploads\/2020\/11\/about-img-16x12.jpg 16w\" sizes=\"auto, (max-width: 500px) 100vw, 500px\" \/><\/div>\n<\/div>\n<\/div>\n<\/section>\n<section class=\"py-5 alt-bg-2 d-none\">\n<div class=\"py-0\">\n<div class=\"container container-sm\">\n<div class=\"row\">\n<div class=\"col-12 col-md-9 center-block\">\n<p class=\"text-white text-center\">Our culture is built on Commitment, Community, Possibility, and Courage.<\/p>\n<p class=\"text-white text-center\"><strong>CORE VALUES:<\/strong><\/p>\n<p class=\"text-white text-center\">Core Values we strive to deliver daily: Build Community &amp; Diversity; Inspire Possibility &amp; Connection; Cultivate Courage &amp; Change; Honor Inclusivity &amp; Authenticity; Be in Action &amp; Service to Others<\/p>\n<\/div>\n<\/div>\n<\/div>\n<\/div>\n<\/section>\n<section class=\"py-5 alt-bg-2\">\n<div class=\"py-0\">\n<div class=\"container container-sm\">\n<div class=\"row\">\n<div class=\"col-md-10 center-block\">\n<h3 class=\"h2 text-white text-center\">Why Flor Yoga Institute?<\/h3>\n<p class=\"text-white text-center lead\">At Flor Yoga Institute we are committed to creating connection, blurring the cultural boundaries of yoga and cultivating a culture of change.<\/p>\n<p class=\"text-white text-center mb-4\">We will embrace you, meet you where you are and guide you to cultivate PRESENCE.POWER.POSSIBILITY \u2013 on and off your mat! You will be inspired to create connection, to be of service for others and to life to your LIFEStyle \u2013 Because yoga is for every body \u2013 no matter your age, fitness level. And because we believe language should not be a barrier to access yoga, you will find Yoga en Espanol on our schedule. ABRAZOS!<\/p>\n<p class=\"text-center mb-0\"><a href=\"https:\/\/floryogainstitute.com\/es\/classes\/\" class=\"btn alt-btn\">Nuestras Clases<\/a><\/p>\n<\/div>\n<\/div>\n<\/div>\n<\/div>\n<\/section>\n<section class=\"py-5\">\n<div class=\"py-0\">\n<div class=\"container container-sm\">\n<div class=\"row\">\n<div class=\"col-12 col-md-6\"><img loading=\"lazy\" decoding=\"async\" width=\"500\" height=\"375\" class=\"aligncenter size-full wp-image-11765\" src=\"https:\/\/floryogainstitute.com\/wp-content\/uploads\/2020\/11\/about-img-2.jpg\" alt=\"\" srcset=\"https:\/\/floryogainstitute.com\/wp-content\/uploads\/2020\/11\/about-img-2.jpg 500w, https:\/\/floryogainstitute.com\/wp-content\/uploads\/2020\/11\/about-img-2-300x225.jpg 300w, https:\/\/floryogainstitute.com\/wp-content\/uploads\/2020\/11\/about-img-2-16x12.jpg 16w\" sizes=\"auto, (max-width: 500px) 100vw, 500px\" \/><\/div>\n<div class=\"col-12 col-md-6\">\n<p>Flor Yoga Institute will embrace you, meet you where you are and guide you to cultivate PRESENCE.POWER.POSSIBILTY &#8211; on and off your mat!<\/p>\n<p>You will be inspired to create connection, to be of service for others and to add LIFE to your LIFEstyle &#8211; Because yoga is for everybody \u2013 no matter your language or background. ABRAZOS!<\/p>\n<p class=\"mb-0\">For more information <a href=\"https:\/\/floryogainstitute.com\/es\/contact-us\/\" alt=\"Contact Flor Yoga Institute\">haga clic aqu\u00ed<\/a> to contact us.<\/p>\n<\/div>\n<\/div>\n<\/div>\n<\/div>\n<\/section>","protected":false},"excerpt":{"rendered":"<p>Unleash the full potential of customer engagement. Maintain an open dialogue with your target audience.<\/p>","protected":false},"author":4,"featured_media":0,"parent":0,"menu_order":22,"comment_status":"closed","ping_status":"closed","template":"","meta":{"footnotes":""},"class_list":["post-10793","page","type-page","status-publish","hentry"],"yoast_head":"<!-- This site is optimized with the Yoast SEO plugin v15.2.1 - https:\/\/yoast.com\/wordpress\/plugins\/seo\/ -->\n<title>About Flor Yoga Institute | Flor Yoga Institute<\/title>\n<meta name=\"description\" content=\"Flor Yoga Institute will embrace you, meet you where you are and guide you to cultivate presence, power, and possibility on and off your mat!\" \/>\n<meta name=\"robots\" content=\"index, follow, max-snippet:-1, max-image-preview:large, max-video-preview:-1\" \/>\n<link rel=\"canonical\" href=\"https:\/\/floryogainstitute.com\/es\/about-us\/\" \/>\n<meta property=\"og:locale\" content=\"es_MX\" \/>\n<meta property=\"og:type\" content=\"article\" \/>\n<meta property=\"og:title\" content=\"About Flor Yoga Institute | Flor Yoga Institute\" \/>\n<meta property=\"og:description\" content=\"Flor Yoga Institute will embrace you, meet you where you are and guide you to cultivate presence, power, and possibility on and off your mat!\" \/>\n<meta property=\"og:url\" content=\"https:\/\/floryogainstitute.com\/es\/about-us\/\" \/>\n<meta property=\"og:site_name\" content=\"Flor Yoga Institute\" \/>\n<meta property=\"article:publisher\" content=\"https:\/\/www.facebook.com\/DirectsubmitSEO\/\" \/>\n<meta property=\"article:modified_time\" content=\"2020-11-10T00:43:03+00:00\" \/>\n<meta property=\"og:image\" content=\"https:\/\/floryogainstitute.com\/wp-content\/uploads\/2020\/11\/about-img.jpg\" \/>\n<meta name=\"twitter:card\" content=\"summary_large_image\" \/>\n<meta name=\"twitter:creator\" content=\"@DSubmit\" \/>\n<meta name=\"twitter:site\" content=\"@DSubmit\" \/>\n<meta name=\"twitter:label1\" content=\"Escrito por\">\n\t<meta name=\"twitter:data1\" content=\"Adam\">\n\t<meta name=\"twitter:label2\" content=\"Tiempo de lectura\">\n\t<meta name=\"twitter:data2\" content=\"1 minuto\">\n<script type=\"application\/ld+json\" class=\"yoast-schema-graph\">{\"@context\":\"https:\/\/schema.org\",\"@graph\":[{\"@type\":\"WebSite\",\"@id\":\"https:\/\/floryogainstitute.com\/es\/#website\",\"url\":\"https:\/\/floryogainstitute.com\/es\/\",\"name\":\"Flor Yoga Institute\",\"description\":\"\",\"potentialAction\":[{\"@type\":\"SearchAction\",\"target\":\"https:\/\/floryogainstitute.com\/es\/?s={search_term_string}\",\"query-input\":\"required name=search_term_string\"}],\"inLanguage\":\"es\"},{\"@type\":\"ImageObject\",\"@id\":\"https:\/\/floryogainstitute.com\/es\/about-us\/#primaryimage\",\"inLanguage\":\"es\",\"url\":\"https:\/\/floryogainstitute.com\/wp-content\/uploads\/2020\/11\/about-img.jpg\",\"width\":500,\"height\":375},{\"@type\":\"WebPage\",\"@id\":\"https:\/\/floryogainstitute.com\/es\/about-us\/#webpage\",\"url\":\"https:\/\/floryogainstitute.com\/es\/about-us\/\",\"name\":\"About Flor Yoga Institute | Flor Yoga Institute\",\"isPartOf\":{\"@id\":\"https:\/\/floryogainstitute.com\/es\/#website\"},\"primaryImageOfPage\":{\"@id\":\"https:\/\/floryogainstitute.com\/es\/about-us\/#primaryimage\"},\"datePublished\":\"2020-05-25T22:59:57+00:00\",\"dateModified\":\"2020-11-10T00:43:03+00:00\",\"description\":\"Flor Yoga Institute will embrace you, meet you where you are and guide you to cultivate presence, power, and possibility on and off your mat!\",\"inLanguage\":\"es\",\"potentialAction\":[{\"@type\":\"ReadAction\",\"target\":[\"https:\/\/floryogainstitute.com\/es\/about-us\/\"]}]}]}<\/script>\n<!-- \/ Yoast SEO plugin. -->","_links":{"self":[{"href":"https:\/\/floryogainstitute.com\/es\/wp-json\/wp\/v2\/pages\/10793","targetHints":{"allow":["GET"]}}],"collection":[{"href":"https:\/\/floryogainstitute.com\/es\/wp-json\/wp\/v2\/pages"}],"about":[{"href":"https:\/\/floryogainstitute.com\/es\/wp-json\/wp\/v2\/types\/page"}],"author":[{"embeddable":true,"href":"https:\/\/floryogainstitute.com\/es\/wp-json\/wp\/v2\/users\/4"}],"replies":[{"embeddable":true,"href":"https:\/\/floryogainstitute.com\/es\/wp-json\/wp\/v2\/comments?post=10793"}],"version-history":[{"count":8,"href":"https:\/\/floryogainstitute.com\/es\/wp-json\/wp\/v2\/pages\/10793\/revisions"}],"predecessor-version":[{"id":11926,"href":"https:\/\/floryogainstitute.com\/es\/wp-json\/wp\/v2\/pages\/10793\/revisions\/11926"}],"wp:attachment":[{"href":"https:\/\/floryogainstitute.com\/es\/wp-json\/wp\/v2\/media?parent=10793"}],"curies":[{"name":"wp","href":"https:\/\/api.w.org\/{rel}","templated":true}]}}